{"id":2404,"date":"2021-02-08T05:53:56","date_gmt":"2021-02-08T05:53:56","guid":{"rendered":"https:\/\/ucie.ific.uv.es\/ucie\/?page_id=2404"},"modified":"2021-02-09T17:28:04","modified_gmt":"2021-02-09T17:28:04","slug":"politica-de-cookies","status":"publish","type":"page","link":"https:\/\/ucie.ific.uv.es\/ucie\/es\/politica-de-cookies\/","title":{"rendered":"Pol\u00edtica de cookies"},"content":{"rendered":"\t\t<div data-elementor-type=\"wp-page\" data-elementor-id=\"2404\" class=\"elementor elementor-2404\">\n\t\t\t\t\t\t<section class=\"elementor-section elementor-top-section elementor-element elementor-element-dca5578 elementor-section-height-min-height elementor-section-items-bottom elementor-section-content-bottom elementor-section-boxed elementor-section-height-default\" data-id=\"dca5578\" data-element_type=\"section\" data-settings=\"{&quot;jet_parallax_layout_list&quot;:[{&quot;_id&quot;:&quot;58ca185&quot;,&quot;jet_parallax_layout_image&quot;:{&quot;url&quot;:&quot;&quot;,&quot;id&quot;:&quot;&quot;,&quot;size&quot;:&quot;&quot;},&quot;jet_parallax_layout_image_tablet&quot;:{&quot;url&quot;:&quot;&quot;,&quot;id&quot;:&quot;&quot;,&quot;size&quot;:&quot;&quot;},&quot;jet_parallax_layout_image_mobile&quot;:{&quot;url&quot;:&quot;&quot;,&quot;id&quot;:&quot;&quot;,&quot;size&quot;:&quot;&quot;},&quot;jet_parallax_layout_speed&quot;:{&quot;unit&quot;:&quot;%&quot;,&quot;size&quot;:50,&quot;sizes&quot;:[]},&quot;jet_parallax_layout_type&quot;:&quot;scroll&quot;,&quot;jet_parallax_layout_direction&quot;:null,&quot;jet_parallax_layout_fx_direction&quot;:null,&quot;jet_parallax_layout_z_index&quot;:&quot;&quot;,&quot;jet_parallax_layout_bg_x&quot;:50,&quot;jet_parallax_layout_bg_x_tablet&quot;:&quot;&quot;,&quot;jet_parallax_layout_bg_x_mobile&quot;:&quot;&quot;,&quot;jet_parallax_layout_bg_y&quot;:50,&quot;jet_parallax_layout_bg_y_tablet&quot;:&quot;&quot;,&quot;jet_parallax_layout_bg_y_mobile&quot;:&quot;&quot;,&quot;jet_parallax_layout_bg_size&quot;:&quot;auto&quot;,&quot;jet_parallax_layout_bg_size_tablet&quot;:&quot;&quot;,&quot;jet_parallax_layout_bg_size_mobile&quot;:&quot;&quot;,&quot;jet_parallax_layout_animation_prop&quot;:&quot;transform&quot;,&quot;jet_parallax_layout_on&quot;:[&quot;desktop&quot;,&quot;tablet&quot;]}],&quot;background_background&quot;:&quot;classic&quot;}\">\n\t\t\t\t\t\t\t<div class=\"elementor-background-overlay\"><\/div>\n\t\t\t\t\t\t\t<div class=\"elementor-container elementor-column-gap-default\">\n\t\t\t\t\t<div class=\"elementor-column elementor-col-100 elementor-top-column elementor-element elementor-element-2638f4b\" data-id=\"2638f4b\" data-element_type=\"column\">\n\t\t\t<div class=\"elementor-widget-wrap elementor-element-populated\">\n\t\t\t\t\t\t<div class=\"elementor-element elementor-element-97cf94b elementor-widget elementor-widget-heading\" data-id=\"97cf94b\" data-element_type=\"widget\" data-widget_type=\"heading.default\">\n\t\t\t\t<div class=\"elementor-widget-container\">\n\t\t\t<h1 class=\"elementor-heading-title elementor-size-default\">Pol\u00edtica de Cookies<\/h1>\t\t<\/div>\n\t\t\t\t<\/div>\n\t\t\t\t\t<\/div>\n\t\t<\/div>\n\t\t\t\t\t<\/div>\n\t\t<\/section>\n\t\t\t\t<section class=\"elementor-section elementor-top-section elementor-element elementor-element-7497fd19 elementor-section-boxed elementor-section-height-default elementor-section-height-default\" data-id=\"7497fd19\" data-element_type=\"section\" data-settings=\"{&quot;jet_parallax_layout_list&quot;:[{&quot;jet_parallax_layout_image&quot;:{&quot;url&quot;:&quot;&quot;,&quot;id&quot;:&quot;&quot;,&quot;size&quot;:&quot;&quot;},&quot;_id&quot;:&quot;cdc8067&quot;,&quot;jet_parallax_layout_image_tablet&quot;:{&quot;url&quot;:&quot;&quot;,&quot;id&quot;:&quot;&quot;,&quot;size&quot;:&quot;&quot;},&quot;jet_parallax_layout_image_mobile&quot;:{&quot;url&quot;:&quot;&quot;,&quot;id&quot;:&quot;&quot;,&quot;size&quot;:&quot;&quot;},&quot;jet_parallax_layout_speed&quot;:{&quot;unit&quot;:&quot;%&quot;,&quot;size&quot;:50,&quot;sizes&quot;:[]},&quot;jet_parallax_layout_type&quot;:&quot;scroll&quot;,&quot;jet_parallax_layout_direction&quot;:null,&quot;jet_parallax_layout_fx_direction&quot;:null,&quot;jet_parallax_layout_z_index&quot;:&quot;&quot;,&quot;jet_parallax_layout_bg_x&quot;:50,&quot;jet_parallax_layout_bg_x_tablet&quot;:&quot;&quot;,&quot;jet_parallax_layout_bg_x_mobile&quot;:&quot;&quot;,&quot;jet_parallax_layout_bg_y&quot;:50,&quot;jet_parallax_layout_bg_y_tablet&quot;:&quot;&quot;,&quot;jet_parallax_layout_bg_y_mobile&quot;:&quot;&quot;,&quot;jet_parallax_layout_bg_size&quot;:&quot;auto&quot;,&quot;jet_parallax_layout_bg_size_tablet&quot;:&quot;&quot;,&quot;jet_parallax_layout_bg_size_mobile&quot;:&quot;&quot;,&quot;jet_parallax_layout_animation_prop&quot;:&quot;transform&quot;,&quot;jet_parallax_layout_on&quot;:[&quot;desktop&quot;,&quot;tablet&quot;]}]}\">\n\t\t\t\t\t\t<div class=\"elementor-container elementor-column-gap-default\">\n\t\t\t\t\t<div class=\"elementor-column elementor-col-100 elementor-top-column elementor-element elementor-element-6dceb92c\" data-id=\"6dceb92c\" data-element_type=\"column\">\n\t\t\t<div class=\"elementor-widget-wrap elementor-element-populated\">\n\t\t\t\t\t\t<div class=\"elementor-element elementor-element-5712836 elementor-widget elementor-widget-spacer\" data-id=\"5712836\" data-element_type=\"widget\" data-widget_type=\"spacer.default\">\n\t\t\t\t<div class=\"elementor-widget-container\">\n\t\t\t\t\t<div class=\"elementor-spacer\">\n\t\t\t<div class=\"elementor-spacer-inner\"><\/div>\n\t\t<\/div>\n\t\t\t\t<\/div>\n\t\t\t\t<\/div>\n\t\t\t\t<div class=\"elementor-element elementor-element-3edef6d1 elementor-widget elementor-widget-text-editor\" data-id=\"3edef6d1\" data-element_type=\"widget\" data-widget_type=\"text-editor.default\">\n\t\t\t\t<div class=\"elementor-widget-container\">\n\t\t\t\t\t\t\t<h2>POL\u00cdTICA DE COOKIES<\/h2><p>Este sitio web utiliza cookies y tecnolog\u00edas similares para proporcionar el servicio, as\u00ed como permitirnos mejorarlo, a trav\u00e9s de la obtenci\u00f3n dtabe estad\u00edsticas sobre su uso, y otras finalidades.<\/p><p>Navegar por esta web implica necesariamente la utilizaci\u00f3n de cookies y tecnolog\u00edas similares siempre y cuando sea necesario para su funcionamiento. Asimismo, para ciertas finalidades, las cookies y el almacenamiento local estar\u00e1n sujetas a su previo consentimiento. Puede aceptar o rechazar las cookies mediante el sistema de configuraci\u00f3n establecido y tambi\u00e9n es posible configurar el navegador para impedir su uso.<\/p><p>Esta pol\u00edtica forma parte de nuestra pol\u00edtica de privacidad e incluye lo siguiente:<\/p><ul><li>\u00bfQu\u00e9 son las cookies?<\/li><li>\u00bfPara qu\u00e9 se usan las cookies?<\/li><li>\u00bfQu\u00e9 entendemos por tecnolog\u00edas similares a las cookies?<\/li><li>\u00bfQu\u00e9 son las cookies de terceros? \u00bfQui\u00e9nes son los destinatarios de la informaci\u00f3n?<\/li><li>\u00bfDurante cu\u00e1nto tiempo se mantienen activas las cookies o tecnolog\u00edas similares?<\/li><li>Uso de navegadores con modo de navegaci\u00f3n privada<\/li><li>\u00bfC\u00f3mo impedir el uso de cookies y c\u00f3mo borrarlas?<\/li><li>Informaci\u00f3n detallada sobre las cookies utilizadas por este sitio web<\/li><\/ul><h3>\u00bfQu\u00e9 son las cookies?<\/h3><p>Las \u201ccookies\u201d son peque\u00f1os ficheros temporales que se crean en el dispositivo del usuario (ordenador, tel\u00e9fono, tableta, etc.) cuando visita una web, y que permiten a la misma almacenar o recuperar informaci\u00f3n cuando navega, por ejemplo, para guardar sus preferencias de uso o para reconocerlo en posteriores visitas, as\u00ed como obtener informaci\u00f3n sobre sus h\u00e1bitos de navegaci\u00f3n.<\/p><p>Cuando una web crea una cookie en el dispositivo del usuario, se almacena la direcci\u00f3n\/dominio de la web que ha creado la cookie, la duraci\u00f3n de la cookie que puede ir de escasos minutos a varios a\u00f1os, as\u00ed como el contenido de la cookie. El usuario puede deshabilitar las cookies en todo momento mediante el sistema de configuraci\u00f3n de este sitio web, as\u00ed como configurar su programa de navegaci\u00f3n para impedir (bloquear) el uso de cookies por parte de determinadas webs, as\u00ed como borrar las cookies almacenadas previamente.<\/p><h3>\u00bfPara qu\u00e9 se usan las cookies?<\/h3><p>Los usos o finalidades m\u00e1s habituales son:<\/p><ul><li>Cookies t\u00e9cnicas esenciales. Se utilizan para gestionar el flujo de navegaci\u00f3n dentro de la web o para mantener al usuario conectado a la misma. Al deshabilitarlas, es posible que alg\u00fan apartado de la web no funcione correctamente.<\/li><li>Cookies de personalizaci\u00f3n. Necesarias para recordar determinadas preferencias del usuario.<\/li><li>Cookies anal\u00edticas. Nos ayudan a nosotros y a terceros a recopilar informaci\u00f3n de la procedencia de los usuarios y su navegaci\u00f3n dentro de la web, a efectos de realizar un an\u00e1lisis estad\u00edstico para poder mejorar la estructura y los contenidos.<\/li><li>Cookies para compartici\u00f3n social. Son necesarias para identificar al usuario en sus redes sociales y as\u00ed permitirle compartir contenidos.<\/li><\/ul><h3>\u00bfQu\u00e9 son las cookies de terceros? \u00bfQui\u00e9nes son los destinatarios de la informaci\u00f3n?<\/h3><p>Las cookies de esta web se pueden clasificar, en funci\u00f3n de qui\u00e9n las crea, en dos categor\u00edas:<\/p><ul><li>Cookies propias: se crean y manejan desde nuestros sitios y dominios web, siendo la informaci\u00f3n obtenida gestionada directa o indirectamente por nosotros para nuestras propias finalidades.<\/li><li>Cookies de terceros: son las cookies que se crean y se manejan desde otros sitios web que, aunque no est\u00e1n completamente bajo nuestro control, proporcionan funciones y caracter\u00edsticas que hemos decidir incluir en nuestra web, como, por ejemplo: mapas interactivos, v\u00eddeos y elementos multimedia, botones para compartir en redes sociales, anuncios, etc. Estas cookies est\u00e1n bajo el control del tercero que proporciona la funci\u00f3n correspondiente.<\/li><\/ul><p>La gran mayor\u00eda de las funciones de terceros implican el acceso o recopilaci\u00f3n de informaci\u00f3n (y el uso de cookies) por parte del tercero que proporciona la funci\u00f3n, en base a sus propios criterios y finalidades, incluyendo la recopilaci\u00f3n sobre los h\u00e1bitos de navegaci\u00f3n para mostrarle publicidad personalizada. En el siguiente apartado se indican las funciones y caracter\u00edsticas de terceros utilizadas en esta p\u00e1gina web.<\/p><h3>\u00bfDurante cu\u00e1nto tiempo se mantienen activas las cookies o tecnolog\u00edas similares?<\/h3><p>En funci\u00f3n de su permanencia o tiempo de actividad, podemos diferenciar entre:<\/p><ul><li>Cookies temporales de sesi\u00f3n; permanecen almacenadas en el equipo de navegaci\u00f3n hasta que el usuario abandona la p\u00e1gina web; el navegador las borra al terminar la sesi\u00f3n de navegaci\u00f3n.<\/li><li>Cookies persistentes; permanecen en el equipo de navegaci\u00f3n y la web las lee cada vez que el usuario realiza una nueva visita. Estas cookies se borran autom\u00e1ticamente pasado cierto plazo de tiempo, que puede ser corto o muy largo.<\/li><\/ul><h3>\u00a0<\/h3><h3>Uso de navegadores con modo de navegaci\u00f3n privada<\/h3><p>Si desea usar esta web con mayor grado de privacidad y limitando que las cookies queden almacenadas por plazos largos de tiempo, recomendamos que utilice un navegador web que disponga de una opci\u00f3n de navegaci\u00f3n \u201cprivada\u201d. Puede obtener informaci\u00f3n sobre esta posibilidad en las p\u00e1ginas de ayuda de los navegadores m\u00e1s comunes:<\/p><table width=\"900\"><tbody><tr><td width=\"250\"><strong>Navegador<\/strong><\/td><td width=\"250\"><strong>Funci\u00f3n de navegaci\u00f3n privada<\/strong><\/td><td width=\"400\"><strong>Obtener m\u00e1s informaci\u00f3n<\/strong><\/td><\/tr><tr><td width=\"130\"><p>Internet Explorer 8 y superior<\/p><p>Microsoft Edge<\/p><\/td><td width=\"141\">InPrivate<\/td><td width=\"438\"><p>https:\/\/support.microsoft.com\/es-es\/products\/internet-explorer (Explorer)<\/p><p>https:\/\/support.microsoft.com\/es-es\/instantanswers\/34b9a3a6-68bc-510b-2a9e-833107495ee5\/browse-inprivate-in-microsoft-edge (Microsoft Edge)<\/p><\/td><\/tr><tr><td width=\"130\">Safari 2 y superior<\/td><td width=\"141\">Navegaci\u00f3n privada<\/td><td width=\"438\">https:\/\/support.apple.com\/es-es\/HT203036<\/td><\/tr><tr><td width=\"130\">Opera 10.5 y superior<\/td><td width=\"141\">Navegaci\u00f3n privada<\/td><td width=\"438\">http:\/\/help.opera.com\/Windows\/12.00\/es-ES\/private.html<\/td><\/tr><tr><td width=\"130\">FireFox 3.5 y superior<\/td><td width=\"141\">Navegaci\u00f3n privada<\/td><td width=\"438\">https:\/\/support.mozilla.org\/es\/kb\/navegacion-privada-Firefox-no-guardar-historial-navegacion<\/td><\/tr><tr><td width=\"130\">Google Chrome 10 y superior<\/td><td width=\"141\">Modo inc\u00f3gnito<\/td><td width=\"438\">https:\/\/support.google.com\/chrome\/answer\/7005900?rd=1<\/td><\/tr><\/tbody><\/table><h3>\u00a0<\/h3><h3>\u00a0<\/h3><h3>\u00bfC\u00f3mo impedir el uso de cookies y c\u00f3mo borrarlas?<\/h3><p>Puede configurar sus preferencias en cualquier momento mediante el sistema de configuraci\u00f3n de cookies integrado en este sitio web, podr\u00e1 activar \/ desactivar el uso de cookies seg\u00fan sus finalidades.<\/p><p>Puede acceder al sistema de configuraci\u00f3n mediante el enlace al pie de la p\u00e1gina de inicio o pulsando <u>aqu\u00ed<\/u>.<\/p><p>La mayor\u00eda de navegadores permiten desactivar globalmente las cookies. Muchos navegadores tambi\u00e9n permiten borrar las cookies asociadas a webs\/dominios concretos. Para ello el usuario debe consultar la ayuda de su navegador. A continuaci\u00f3n, se incluyen enlaces a las p\u00e1ginas de ayuda de los navegadores m\u00e1s habituales para conocer la configuraci\u00f3n de cookies en cada uno:<\/p><ul><li>Chrome: <a href=\"https:\/\/support.google.com\/chrome\/answer\/95647?hl=es\">https:\/\/support.google.com\/chrome\/answer\/95647?hl=es<\/a><\/li><li>Explorer: <a href=\"https:\/\/support.microsoft.com\/es-es\/help\/17442\/windows-internet-explorer-delete-manage-cookies\">https:\/\/support.microsoft.com\/es-es\/help\/17442\/windows-internet-explorer-delete-manage-cookies<\/a><\/li><li>Microsoft Edge: https:\/\/privacy.microsoft.com\/es-ES\/windows-10-microsoft-edge-and-privacy<\/li><li>Firefox: <a href=\"https:\/\/support.mozilla.org\/es\/kb\/habilitar-y-deshabilitar-cookies-sitios-web-rastrear-preferencias\">https:\/\/support.mozilla.org\/es\/kb\/habilitar-y-deshabilitar-cookies-sitios-web-rastrear-preferencias<\/a><\/li><li>Safari: <a href=\"https:\/\/support.apple.com\/kb\/PH17191?viewlocale=es_ES&amp;locale=es_ES\">https:\/\/support.apple.com\/kb\/PH17191?viewlocale=es_ES&amp;locale=es_ES<\/a><\/li><li>Safari para IOS: <a href=\"https:\/\/support.apple.com\/es-es\/HT201265\">https:\/\/support.apple.com\/es-es\/HT201265<\/a><\/li><li>Opera: <a href=\"http:\/\/www.opera.com\/es\/help\">http:\/\/www.opera.com\/es\/help<\/a><\/li><\/ul><p>Para borrar los datos guardados en el almacenamiento local del navegador, el usuario puede borrar el historial de navegaci\u00f3n.<\/p><p>Para conocer c\u00f3mo borrar el almacenamiento local de Flash o para limitar la cantidad de espacio permitido, consultar las p\u00e1ginas de Ayuda de Adobe: http:\/\/www.macromedia.com\/support\/documentation\/en\/flashplayer\/help\/settings_manager07.html<\/p><p>Para otros navegadores, as\u00ed como para cualquier aclaraci\u00f3n o pregunta sobre las cookies de esta web, puede contactarnos a trav\u00e9s de los datos de contacto de la web.<\/p><p>Aviso importante: en caso de bloquear las cookies es posible que determinados servicios o funcionalidades de la web no funcionen correctamente.<\/p><h3>Informaci\u00f3n detallada sobre las cookies utilizadas por este sitio web<\/h3><p><strong>Informaci\u00f3n sobre las cookies propias:<\/strong><\/p><ul><li><u>Cookies funcionales\/t\u00e9cnicas<\/u>: Necesarias para mostrar correctamente la p\u00e1gina web y garantizar el correcto funcionamiento del sitio. Te permiten navegar en nuestro sitio web y utilizar las diferentes opciones o servicios que tiene.<\/li><\/ul><ul><li><u>Cookies Anal\u00edticas<\/u>: Se utilizan para analizar el comportamiento de los usuarios de forma agregada y an\u00f3nima incluyendo el n\u00famero de visitantes a la web y a diferentes p\u00e1ginas internas, la procedencia de las visita, d\u00eda y hora, plataforma, palabras de b\u00fasqueda que utiliza un usuario para encontrar su contenido deseado.<\/li><\/ul><p><strong>Informaci\u00f3n sobre las Cookies de Terceros:<\/strong><\/p><p>Son cookies administradas y controladas por Terceros, con la finalidad de realizar\/proporcionar funcionalidades, realizar an\u00e1lisis de navegaci\u00f3n, personalizaci\u00f3n de la navegaci\u00f3n y b\u00fasquedas, as\u00ed como publicidad compartimental.<\/p><ul><li><u>Cookies funcionales\/t\u00e9cnicas<\/u>: Te permiten navegar a trav\u00e9s de nuestra p\u00e1gina, utilizando las diferentes opciones o servicios que te ofrecemos como, por ejemplo, visualizar v\u00eddeos o compartir contenidos a trav\u00e9s de redes sociales.<\/li><\/ul><table width=\"648\"><tbody><tr><td width=\"197\"><strong>Tercero \/Propietario<\/strong><\/td><td width=\"197\"><strong>Duraci\u00f3n<\/strong><\/td><td width=\"255\"><strong>Informaci\u00f3n sobre el uso y finalidad<\/strong><\/td><\/tr><tr><td width=\"197\">YouTube<\/td><td width=\"197\">Sesi\u00f3n\/1 a\u00f1o<\/td><td width=\"255\"><a href=\"https:\/\/www.google.es\/intl\/es\/policies\/privacy\/\">https:\/\/www.google.es\/intl\/es\/policies\/privacy\/<\/a><\/td><\/tr><tr><td width=\"197\">Twitter<\/td><td width=\"197\">Sesi\u00f3n\/1 a\u00f1o<\/td><td width=\"255\"><a href=\"https:\/\/help.twitter.com\/es\/rules-and-policies\/twitter-cookies\">https:\/\/help.twitter.com\/es\/rules-and-policies\/twitter-cookies<\/a><\/td><\/tr><tr><td width=\"197\">Facebook<\/td><td width=\"197\">Sesi\u00f3n\/1 a\u00f1o<\/td><td width=\"255\"><a href=\"https:\/\/es-es.facebook.com\/policies\/cookies\/\">https:\/\/es-es.facebook.com\/policies\/cookies\/<\/a><\/td><\/tr><tr><td width=\"197\">Instagram<\/td><td width=\"197\">Sesi\u00f3n\/1 a\u00f1o<\/td><td width=\"255\"><a href=\"https:\/\/help.instagram.com\/519522125107875\">https:\/\/help.instagram.com\/519522125107875<\/a><\/td><\/tr><tr><td width=\"197\">LinkedIn.<\/td><td width=\"197\">Sesi\u00f3n\/1 a\u00f1o<\/td><td width=\"255\"><a href=\"https:\/\/es.linkedin.com\/legal\/cookie-policy\">https:\/\/es.linkedin.com\/legal\/cookie-policy<\/a><\/td><\/tr><tr><td width=\"197\">Google Inc<\/td><td width=\"197\">Permanente<\/td><td width=\"255\"><a href=\"https:\/\/www.google.es\/intl\/es\/policies\/privacy\/\">https:\/\/www.google.es\/intl\/es\/policies\/privacy\/<\/a><\/td><\/tr><tr><td width=\"197\">Adobe<\/td><td width=\"197\">Sesi\u00f3n\/1 a\u00f1o<\/td><td width=\"255\">https:\/\/docs.adobe.com\/content\/help\/es-ES\/core-services\/interface\/ec-cookies\/cookies-privacy.html<\/td><\/tr><\/tbody><\/table><ul><li>Cookies de an\u00e1lisis: Nos ofrecen estos terceros informaci\u00f3n estad\u00edstica sobre el comportamiento de los diferentes usuarios en nuestra p\u00e1gina web para introducir mejoras en funci\u00f3n del an\u00e1lisis de los datos sobre el uso de productos y\/o servicios en la p\u00e1gina web.<\/li><\/ul><table width=\"648\"><tbody><tr><td width=\"178\">Tercero Propietario<\/td><td width=\"177\">Duraci\u00f3n<\/td><td width=\"293\">Informaci\u00f3n sobre el uso y finalidad<\/td><\/tr><tr><td width=\"178\">Google Analytics<\/td><td width=\"177\">De 30 minutos a 2 a\u00f1os<\/td><td width=\"293\"><a href=\"http:\/\/www.google.com\/analytics\/tos.html\">http:\/\/www.google.com\/analytics\/tos.html<\/a><\/td><\/tr><tr><td width=\"178\">YouTube<\/td><td width=\"177\">De 30 minutos a 2 a\u00f1os<\/td><td width=\"293\"><a href=\"https:\/\/www.google.es\/intl\/es\/policies\/privacy\/\">https:\/\/www.google.es\/intl\/es\/policies\/privacy\/<\/a><\/td><\/tr><tr><td width=\"178\">Facebook<\/td><td width=\"177\">De 30 minutos a 2 a\u00f1os<\/td><td width=\"293\"><a href=\"https:\/\/es-es.facebook.com\/policies\/cookies\/\">https:\/\/es-es.facebook.com\/policies\/cookies\/<\/a><\/td><\/tr><tr><td width=\"178\">\u00a0<\/td><td width=\"177\">\u00a0<\/td><td width=\"293\">\u00a0<\/td><\/tr><tr><td width=\"178\">\u00a0<\/td><td width=\"177\">\u00a0<\/td><td width=\"293\">\u00a0<\/td><\/tr><tr><td width=\"178\">LinkedIn<\/td><td width=\"177\">De 30 minutos a 2 a\u00f1os<\/td><td width=\"293\"><a href=\"https:\/\/www.google.es\/intl\/es\/policies\/privacy\/\">https:\/\/www.google.es\/intl\/es\/policies\/privacy\/<\/a><\/td><\/tr><tr><td width=\"178\">\u00a0<\/td><td width=\"177\">\u00a0<\/td><td width=\"293\">\u00a0<\/td><\/tr><tr><td width=\"178\">Yahoo<\/td><td width=\"177\">De 30 minutos a 2 a\u00f1os<\/td><td width=\"293\">https:\/\/consent.yahoo.com\/v2\/collectConsent?sessionId=3_cc-session_73a8316b-ba20-49ca-8542-3cc976f99c51<\/td><\/tr><tr><td width=\"178\">\u00a0<\/td><td width=\"177\">\u00a0<\/td><td width=\"293\">\u00a0<\/td><\/tr><tr><td width=\"178\">\u00a0<\/td><td width=\"177\">\u00a0<\/td><td width=\"293\">\u00a0<\/td><\/tr><\/tbody><\/table><p>\u00a0<\/p>\t\t\t\t\t\t<\/div>\n\t\t\t\t<\/div>\n\t\t\t\t\t<\/div>\n\t\t<\/div>\n\t\t\t\t\t<\/div>\n\t\t<\/section>\n\t\t\t\t<\/div>\n\t\t","protected":false},"excerpt":{"rendered":"<p>Pol\u00edtica de Cookies POL\u00cdTICA DE COOKIES Este sitio web utiliza cookies y tecnolog\u00edas similares para proporcionar el servicio, as\u00ed como permitirnos mejorarlo, a trav\u00e9s de la obtenci\u00f3n dtabe estad\u00edsticas sobre [&hellip;]<\/p>\n","protected":false},"author":1,"featured_media":0,"parent":0,"menu_order":0,"comment_status":"closed","ping_status":"closed","template":"full-width.php","meta":{"_monsterinsights_skip_tracking":false,"_monsterinsights_sitenote_active":false,"_monsterinsights_sitenote_note":"","_monsterinsights_sitenote_category":0,"footnotes":""},"acf":[],"_links":{"self":[{"href":"https:\/\/ucie.ific.uv.es\/ucie\/wp-json\/wp\/v2\/pages\/2404"}],"collection":[{"href":"https:\/\/ucie.ific.uv.es\/ucie\/wp-json\/wp\/v2\/pages"}],"about":[{"href":"https:\/\/ucie.ific.uv.es\/ucie\/wp-json\/wp\/v2\/types\/page"}],"author":[{"embeddable":true,"href":"https:\/\/ucie.ific.uv.es\/ucie\/wp-json\/wp\/v2\/users\/1"}],"replies":[{"embeddable":true,"href":"https:\/\/ucie.ific.uv.es\/ucie\/wp-json\/wp\/v2\/comments?post=2404"}],"version-history":[{"count":30,"href":"https:\/\/ucie.ific.uv.es\/ucie\/wp-json\/wp\/v2\/pages\/2404\/revisions"}],"predecessor-version":[{"id":2561,"href":"https:\/\/ucie.ific.uv.es\/ucie\/wp-json\/wp\/v2\/pages\/2404\/revisions\/2561"}],"wp:attachment":[{"href":"https:\/\/ucie.ific.uv.es\/ucie\/wp-json\/wp\/v2\/media?parent=2404"}],"curies":[{"name":"wp","href":"https:\/\/api.w.org\/{rel}","templated":true}]}}