{"id":3913,"date":"2021-06-01T21:11:31","date_gmt":"2021-06-01T21:11:31","guid":{"rendered":"https:\/\/ucie.ific.uv.es\/ucie\/?page_id=3913"},"modified":"2021-06-01T21:10:49","modified_gmt":"2021-06-01T21:10:49","slug":"inteligencia-artificial-y-big-data","status":"publish","type":"page","link":"https:\/\/ucie.ific.uv.es\/ucie\/es\/capacidades\/inteligencia-artificial-y-big-data\/","title":{"rendered":"Inteligencia Artificial y Big Data"},"content":{"rendered":"\t\t<div data-elementor-type=\"wp-page\" data-elementor-id=\"3913\" class=\"elementor elementor-3913\">\n\t\t\t\t\t\t<section class=\"elementor-section elementor-top-section elementor-element elementor-element-629392fe elementor-section-height-min-height elementor-section-items-bottom elementor-section-content-bottom elementor-section-boxed elementor-section-height-default\" data-id=\"629392fe\" data-element_type=\"section\" data-settings=\"{&quot;jet_parallax_layout_list&quot;:[{&quot;_id&quot;:&quot;58ca185&quot;,&quot;jet_parallax_layout_image&quot;:{&quot;url&quot;:&quot;&quot;,&quot;id&quot;:&quot;&quot;,&quot;size&quot;:&quot;&quot;},&quot;jet_parallax_layout_image_tablet&quot;:{&quot;url&quot;:&quot;&quot;,&quot;id&quot;:&quot;&quot;,&quot;size&quot;:&quot;&quot;},&quot;jet_parallax_layout_image_mobile&quot;:{&quot;url&quot;:&quot;&quot;,&quot;id&quot;:&quot;&quot;,&quot;size&quot;:&quot;&quot;},&quot;jet_parallax_layout_speed&quot;:{&quot;unit&quot;:&quot;%&quot;,&quot;size&quot;:50,&quot;sizes&quot;:[]},&quot;jet_parallax_layout_type&quot;:&quot;scroll&quot;,&quot;jet_parallax_layout_direction&quot;:null,&quot;jet_parallax_layout_fx_direction&quot;:null,&quot;jet_parallax_layout_z_index&quot;:&quot;&quot;,&quot;jet_parallax_layout_bg_x&quot;:50,&quot;jet_parallax_layout_bg_x_tablet&quot;:&quot;&quot;,&quot;jet_parallax_layout_bg_x_mobile&quot;:&quot;&quot;,&quot;jet_parallax_layout_bg_y&quot;:50,&quot;jet_parallax_layout_bg_y_tablet&quot;:&quot;&quot;,&quot;jet_parallax_layout_bg_y_mobile&quot;:&quot;&quot;,&quot;jet_parallax_layout_bg_size&quot;:&quot;auto&quot;,&quot;jet_parallax_layout_bg_size_tablet&quot;:&quot;&quot;,&quot;jet_parallax_layout_bg_size_mobile&quot;:&quot;&quot;,&quot;jet_parallax_layout_animation_prop&quot;:&quot;transform&quot;,&quot;jet_parallax_layout_on&quot;:[&quot;desktop&quot;,&quot;tablet&quot;]}],&quot;background_background&quot;:&quot;classic&quot;}\">\n\t\t\t\t\t\t\t<div class=\"elementor-background-overlay\"><\/div>\n\t\t\t\t\t\t\t<div class=\"elementor-container elementor-column-gap-default\">\n\t\t\t\t\t<div class=\"elementor-column elementor-col-100 elementor-top-column elementor-element elementor-element-69ddece2\" data-id=\"69ddece2\" data-element_type=\"column\">\n\t\t\t<div class=\"elementor-widget-wrap elementor-element-populated\">\n\t\t\t\t\t\t<div class=\"elementor-element elementor-element-6c123386 elementor-widget elementor-widget-heading\" data-id=\"6c123386\" data-element_type=\"widget\" data-widget_type=\"heading.default\">\n\t\t\t\t<div class=\"elementor-widget-container\">\n\t\t\t<h1 class=\"elementor-heading-title elementor-size-default\">Capacidad<\/h1>\t\t<\/div>\n\t\t\t\t<\/div>\n\t\t\t\t\t<\/div>\n\t\t<\/div>\n\t\t\t\t\t<\/div>\n\t\t<\/section>\n\t\t\t\t<section class=\"elementor-section elementor-top-section elementor-element elementor-element-7e5aca25 elementor-section-boxed elementor-section-height-default elementor-section-height-default\" data-id=\"7e5aca25\" data-element_type=\"section\" data-settings=\"{&quot;jet_parallax_layout_list&quot;:[{&quot;jet_parallax_layout_image&quot;:{&quot;url&quot;:&quot;&quot;,&quot;id&quot;:&quot;&quot;,&quot;size&quot;:&quot;&quot;},&quot;_id&quot;:&quot;3a50579&quot;,&quot;jet_parallax_layout_image_tablet&quot;:{&quot;url&quot;:&quot;&quot;,&quot;id&quot;:&quot;&quot;,&quot;size&quot;:&quot;&quot;},&quot;jet_parallax_layout_image_mobile&quot;:{&quot;url&quot;:&quot;&quot;,&quot;id&quot;:&quot;&quot;,&quot;size&quot;:&quot;&quot;},&quot;jet_parallax_layout_speed&quot;:{&quot;unit&quot;:&quot;%&quot;,&quot;size&quot;:50,&quot;sizes&quot;:[]},&quot;jet_parallax_layout_type&quot;:&quot;scroll&quot;,&quot;jet_parallax_layout_direction&quot;:null,&quot;jet_parallax_layout_fx_direction&quot;:null,&quot;jet_parallax_layout_z_index&quot;:&quot;&quot;,&quot;jet_parallax_layout_bg_x&quot;:50,&quot;jet_parallax_layout_bg_x_tablet&quot;:&quot;&quot;,&quot;jet_parallax_layout_bg_x_mobile&quot;:&quot;&quot;,&quot;jet_parallax_layout_bg_y&quot;:50,&quot;jet_parallax_layout_bg_y_tablet&quot;:&quot;&quot;,&quot;jet_parallax_layout_bg_y_mobile&quot;:&quot;&quot;,&quot;jet_parallax_layout_bg_size&quot;:&quot;auto&quot;,&quot;jet_parallax_layout_bg_size_tablet&quot;:&quot;&quot;,&quot;jet_parallax_layout_bg_size_mobile&quot;:&quot;&quot;,&quot;jet_parallax_layout_animation_prop&quot;:&quot;transform&quot;,&quot;jet_parallax_layout_on&quot;:[&quot;desktop&quot;,&quot;tablet&quot;]}]}\">\n\t\t\t\t\t\t<div class=\"elementor-container elementor-column-gap-extended\">\n\t\t\t\t\t<div class=\"elementor-column elementor-col-50 elementor-top-column elementor-element elementor-element-21b8ea0a\" data-id=\"21b8ea0a\" data-element_type=\"column\">\n\t\t\t<div class=\"elementor-widget-wrap elementor-element-populated\">\n\t\t\t\t\t\t<div class=\"elementor-element elementor-element-41412ee2 elementor-widget elementor-widget-heading\" data-id=\"41412ee2\" data-element_type=\"widget\" data-widget_type=\"heading.default\">\n\t\t\t\t<div class=\"elementor-widget-container\">\n\t\t\t<h2 class=\"elementor-heading-title elementor-size-default\">Inteligencia Artificial y <br> Big Data\n<\/h2>\t\t<\/div>\n\t\t\t\t<\/div>\n\t\t\t\t<div class=\"elementor-element elementor-element-50c3c9af elementor-widget elementor-widget-raven-divider\" data-id=\"50c3c9af\" data-element_type=\"widget\" data-widget_type=\"raven-divider.default\">\n\t\t\t\t<div class=\"elementor-widget-container\">\n\t\t\t\t\t<div class=\"raven-widget-wrapper\">\n\t\t\t<div class=\"raven-divider\">\n\t\t\t\t<span class=\"raven-divider-line raven-divider-solid\"><\/span>\n\t\t\t<\/div>\n\t\t<\/div>\n\t\t\t\t<\/div>\n\t\t\t\t<\/div>\n\t\t\t\t<div class=\"elementor-element elementor-element-1fe0b148 elementor-widget elementor-widget-text-editor\" data-id=\"1fe0b148\" data-element_type=\"widget\" data-widget_type=\"text-editor.default\">\n\t\t\t\t<div class=\"elementor-widget-container\">\n\t\t\t\t\t\t\t<p>El IFIC tiene una gran trayectoria en el desarrollo de modelos de inteligencia artificial mediante t\u00e9cnicas de machine learning y deep learning, as\u00ed como en el tratamiento de datos digitales masivos gracias al conocimiento adquirido en proyectos como ATLAS del Gran Colisionador de Hadrones (LHC) del CERN o experimentos relacionados con la f\u00edsica de neutrinos, como NEXT, DUNE o T2K.<\/p>\n<p>La experiencia del instituto en estos campos ha permitido enfocar sus avances hacia la mejora de aplicaciones en f\u00edsica&nbsp;m\u00e9dica, \u00e1mbito donde consolida su presencia gracias a sus patentes y a su colaboraci\u00f3n con empresas y hospitales.<\/p>\n<p>Adem\u00e1s, el IFIC dispone de Artemisa, una infraestructura tecnol\u00f3gica \u00fanica en la Comunidad Valenciana para la computaci\u00f3n eficiente de modelos de Inteligencia Artificial y el tratamiento de datos masivos.<\/p><br>\t\t\t\t\t\t<\/div>\n\t\t\t\t<\/div>\n\t\t\t\t\t<\/div>\n\t\t<\/div>\n\t\t\t\t<div class=\"elementor-column elementor-col-50 elementor-top-column elementor-element elementor-element-257b3be4\" data-id=\"257b3be4\" data-element_type=\"column\">\n\t\t\t<div class=\"elementor-widget-wrap elementor-element-populated\">\n\t\t\t\t\t\t<div class=\"elementor-element elementor-element-2b75b23e elementor-widget elementor-widget-image\" data-id=\"2b75b23e\" data-element_type=\"widget\" data-widget_type=\"image.default\">\n\t\t\t\t<div class=\"elementor-widget-container\">\n\t\t\t\t\t\t\t\t\t\t<figure class=\"wp-caption\">\n\t\t\t\t\t\t\t\t\t\t<img fetchpriority=\"high\" decoding=\"async\" width=\"442\" height=\"278\" src=\"https:\/\/ucie.ific.uv.es\/ucie\/wp-uploads\/2021\/03\/artemisa.jpg\" class=\"attachment-large size-large wp-image-3060\" alt=\"\" srcset=\"https:\/\/ucie.ific.uv.es\/ucie\/wp-uploads\/2021\/03\/artemisa.jpg 442w, https:\/\/ucie.ific.uv.es\/ucie\/wp-uploads\/2021\/03\/artemisa-300x189.jpg 300w\" sizes=\"(max-width: 442px) 100vw, 442px\" \/>\t\t\t\t\t\t\t\t\t\t\t<figcaption class=\"widget-image-caption wp-caption-text\">Infraestructura Artemisa del IFIC<\/figcaption>\n\t\t\t\t\t\t\t\t\t\t<\/figure>\n\t\t\t\t\t\t\t<\/div>\n\t\t\t\t<\/div>\n\t\t\t\t<div class=\"elementor-element elementor-element-528230ae elementor-widget elementor-widget-heading\" data-id=\"528230ae\" data-element_type=\"widget\" data-widget_type=\"heading.default\">\n\t\t\t\t<div class=\"elementor-widget-container\">\n\t\t\t<h2 class=\"elementor-heading-title elementor-size-default\">Tecnolog\u00eda<\/h2>\t\t<\/div>\n\t\t\t\t<\/div>\n\t\t\t\t<div class=\"elementor-element elementor-element-56b3f806 elementor-widget elementor-widget-text-editor\" data-id=\"56b3f806\" data-element_type=\"widget\" data-widget_type=\"text-editor.default\">\n\t\t\t\t<div class=\"elementor-widget-container\">\n\t\t\t\t\t\t\t<ul>\n<li>M\u00e9todos novedosos para el acceso, reducci\u00f3n y selecci\u00f3n de datos para la detecci\u00f3n de sucesos poco frecuentes.<\/li>\n<li>Predicci\u00f3n de la demanda energ\u00e9tica<\/li>\n<li>Predicci\u00f3n de tormentas solares<\/li>\n<li>Detecci\u00f3n precoz de se\u00edsmos inducidos<\/li>\n\n<\/ul>\t\t\t\t\t\t<\/div>\n\t\t\t\t<\/div>\n\t\t\t\t<div class=\"elementor-element elementor-element-79fdd900 elementor-widget elementor-widget-heading\" data-id=\"79fdd900\" data-element_type=\"widget\" data-widget_type=\"heading.default\">\n\t\t\t\t<div class=\"elementor-widget-container\">\n\t\t\t<h2 class=\"elementor-heading-title elementor-size-default\">Sectores empresariales de aplicaci\u00f3n\n<\/h2>\t\t<\/div>\n\t\t\t\t<\/div>\n\t\t\t\t<div class=\"elementor-element elementor-element-3db91e48 elementor-widget elementor-widget-text-editor\" data-id=\"3db91e48\" data-element_type=\"widget\" data-widget_type=\"text-editor.default\">\n\t\t\t\t<div class=\"elementor-widget-container\">\n\t\t\t\t\t\t\t<p>La\u00a0aplicaci\u00f3n\u00a0de\u00a0estas\u00a0tecnolog\u00edas\u00a0es\u00a0numerosa y\u00a0ubicua. Nuestros investigadores han desarrollado herramientas \u00fatiles para sectores como:<\/p><ul><li>Aceleradores de part\u00edculas<\/li><li>Seguridad\u00a0<\/li><li>Infraestructuras cr\u00edticas<\/li><li>Educaci\u00f3n<\/li><li>Tr\u00e1fico<\/li><li>Alimentaci\u00f3n<\/li><li>Digitalizaci\u00f3n de procesos sanitarios<\/li><li>Industria de la Ciencia<\/li><\/ul>\t\t\t\t\t\t<\/div>\n\t\t\t\t<\/div>\n\t\t\t\t<div class=\"elementor-element elementor-element-35a6d43a elementor-widget elementor-widget-heading\" data-id=\"35a6d43a\" data-element_type=\"widget\" data-widget_type=\"heading.default\">\n\t\t\t\t<div class=\"elementor-widget-container\">\n\t\t\t<h2 class=\"elementor-heading-title elementor-size-default\">De inter\u00e9s para<\/h2>\t\t<\/div>\n\t\t\t\t<\/div>\n\t\t\t\t<div class=\"elementor-element elementor-element-34787dfd elementor-widget elementor-widget-text-editor\" data-id=\"34787dfd\" data-element_type=\"widget\" data-widget_type=\"text-editor.default\">\n\t\t\t\t<div class=\"elementor-widget-container\">\n\t\t\t\t\t\t\t<p>Cualquier empresa u organismo que requiera analizar\u00a0y evaluar un gran n\u00famero de datos, liberando todo su potencial para\u00a0mejorar sus\u00a0productos, su sistema de producci\u00f3n o la experiencia de sus consumidores.<\/p>\t\t\t\t\t\t<\/div>\n\t\t\t\t<\/div>\n\t\t\t\t\t<\/div>\n\t\t<\/div>\n\t\t\t\t\t<\/div>\n\t\t<\/section>\n\t\t\t\t<\/div>\n\t\t","protected":false},"excerpt":{"rendered":"<p>Capacidad Inteligencia Artificial y Big Data El IFIC tiene una gran trayectoria en el desarrollo de modelos de inteligencia artificial mediante t\u00e9cnicas de machine learning y deep learning, as\u00ed como [&hellip;]<\/p>\n","protected":false},"author":1,"featured_media":0,"parent":43,"menu_order":0,"comment_status":"closed","ping_status":"closed","template":"full-width.php","meta":{"_monsterinsights_skip_tracking":false,"_monsterinsights_sitenote_active":false,"_monsterinsights_sitenote_note":"","_monsterinsights_sitenote_category":0,"footnotes":""},"acf":[],"_links":{"self":[{"href":"https:\/\/ucie.ific.uv.es\/ucie\/wp-json\/wp\/v2\/pages\/3913"}],"collection":[{"href":"https:\/\/ucie.ific.uv.es\/ucie\/wp-json\/wp\/v2\/pages"}],"about":[{"href":"https:\/\/ucie.ific.uv.es\/ucie\/wp-json\/wp\/v2\/types\/page"}],"author":[{"embeddable":true,"href":"https:\/\/ucie.ific.uv.es\/ucie\/wp-json\/wp\/v2\/users\/1"}],"replies":[{"embeddable":true,"href":"https:\/\/ucie.ific.uv.es\/ucie\/wp-json\/wp\/v2\/comments?post=3913"}],"version-history":[{"count":31,"href":"https:\/\/ucie.ific.uv.es\/ucie\/wp-json\/wp\/v2\/pages\/3913\/revisions"}],"predecessor-version":[{"id":4900,"href":"https:\/\/ucie.ific.uv.es\/ucie\/wp-json\/wp\/v2\/pages\/3913\/revisions\/4900"}],"up":[{"embeddable":true,"href":"https:\/\/ucie.ific.uv.es\/ucie\/wp-json\/wp\/v2\/pages\/43"}],"wp:attachment":[{"href":"https:\/\/ucie.ific.uv.es\/ucie\/wp-json\/wp\/v2\/media?parent=3913"}],"curies":[{"name":"wp","href":"https:\/\/api.w.org\/{rel}","templated":true}]}}