{"id":6229,"date":"2021-03-04T10:43:27","date_gmt":"2021-03-04T10:43:27","guid":{"rendered":"https:\/\/ucie.ific.uv.es\/ucie\/?page_id=6229"},"modified":"2021-10-28T08:33:29","modified_gmt":"2021-10-28T08:33:29","slug":"laboratori-delectronica","status":"publish","type":"page","link":"https:\/\/ucie.ific.uv.es\/ucie\/va\/capacitats\/laboratori-delectronica\/","title":{"rendered":"Laboratori d&#8217;Electr\u00f2nica"},"content":{"rendered":"\t\t<div data-elementor-type=\"wp-page\" data-elementor-id=\"6229\" class=\"elementor elementor-6229\">\n\t\t\t\t\t\t<section class=\"elementor-section elementor-top-section elementor-element elementor-element-1ce40d52 elementor-section-height-min-height elementor-section-items-bottom elementor-section-content-bottom elementor-section-boxed elementor-section-height-default\" data-id=\"1ce40d52\" data-element_type=\"section\" data-settings=\"{&quot;jet_parallax_layout_list&quot;:[{&quot;_id&quot;:&quot;58ca185&quot;,&quot;jet_parallax_layout_image&quot;:{&quot;url&quot;:&quot;&quot;,&quot;id&quot;:&quot;&quot;,&quot;size&quot;:&quot;&quot;},&quot;jet_parallax_layout_image_tablet&quot;:{&quot;url&quot;:&quot;&quot;,&quot;id&quot;:&quot;&quot;,&quot;size&quot;:&quot;&quot;},&quot;jet_parallax_layout_image_mobile&quot;:{&quot;url&quot;:&quot;&quot;,&quot;id&quot;:&quot;&quot;,&quot;size&quot;:&quot;&quot;},&quot;jet_parallax_layout_speed&quot;:{&quot;unit&quot;:&quot;%&quot;,&quot;size&quot;:50,&quot;sizes&quot;:[]},&quot;jet_parallax_layout_type&quot;:&quot;scroll&quot;,&quot;jet_parallax_layout_direction&quot;:null,&quot;jet_parallax_layout_fx_direction&quot;:null,&quot;jet_parallax_layout_z_index&quot;:&quot;&quot;,&quot;jet_parallax_layout_bg_x&quot;:50,&quot;jet_parallax_layout_bg_x_tablet&quot;:&quot;&quot;,&quot;jet_parallax_layout_bg_x_mobile&quot;:&quot;&quot;,&quot;jet_parallax_layout_bg_y&quot;:50,&quot;jet_parallax_layout_bg_y_tablet&quot;:&quot;&quot;,&quot;jet_parallax_layout_bg_y_mobile&quot;:&quot;&quot;,&quot;jet_parallax_layout_bg_size&quot;:&quot;auto&quot;,&quot;jet_parallax_layout_bg_size_tablet&quot;:&quot;&quot;,&quot;jet_parallax_layout_bg_size_mobile&quot;:&quot;&quot;,&quot;jet_parallax_layout_animation_prop&quot;:&quot;transform&quot;,&quot;jet_parallax_layout_on&quot;:[&quot;desktop&quot;,&quot;tablet&quot;]}],&quot;background_background&quot;:&quot;classic&quot;}\">\n\t\t\t\t\t\t\t<div class=\"elementor-background-overlay\"><\/div>\n\t\t\t\t\t\t\t<div class=\"elementor-container elementor-column-gap-default\">\n\t\t\t\t\t<div class=\"elementor-column elementor-col-100 elementor-top-column elementor-element elementor-element-dffef4\" data-id=\"dffef4\" data-element_type=\"column\">\n\t\t\t<div class=\"elementor-widget-wrap elementor-element-populated\">\n\t\t\t\t\t\t<div class=\"elementor-element elementor-element-3007046b elementor-widget elementor-widget-heading\" data-id=\"3007046b\" data-element_type=\"widget\" data-widget_type=\"heading.default\">\n\t\t\t\t<div class=\"elementor-widget-container\">\n\t\t\t<h1 class=\"elementor-heading-title elementor-size-default\">Infraestructura<\/h1>\t\t<\/div>\n\t\t\t\t<\/div>\n\t\t\t\t\t<\/div>\n\t\t<\/div>\n\t\t\t\t\t<\/div>\n\t\t<\/section>\n\t\t\t\t<section class=\"elementor-section elementor-top-section elementor-element elementor-element-45b69ca4 elementor-section-boxed elementor-section-height-default elementor-section-height-default\" data-id=\"45b69ca4\" data-element_type=\"section\" data-settings=\"{&quot;jet_parallax_layout_list&quot;:[{&quot;jet_parallax_layout_image&quot;:{&quot;url&quot;:&quot;&quot;,&quot;id&quot;:&quot;&quot;,&quot;size&quot;:&quot;&quot;},&quot;_id&quot;:&quot;006f106&quot;,&quot;jet_parallax_layout_image_tablet&quot;:{&quot;url&quot;:&quot;&quot;,&quot;id&quot;:&quot;&quot;,&quot;size&quot;:&quot;&quot;},&quot;jet_parallax_layout_image_mobile&quot;:{&quot;url&quot;:&quot;&quot;,&quot;id&quot;:&quot;&quot;,&quot;size&quot;:&quot;&quot;},&quot;jet_parallax_layout_speed&quot;:{&quot;unit&quot;:&quot;%&quot;,&quot;size&quot;:50,&quot;sizes&quot;:[]},&quot;jet_parallax_layout_type&quot;:&quot;scroll&quot;,&quot;jet_parallax_layout_direction&quot;:null,&quot;jet_parallax_layout_fx_direction&quot;:null,&quot;jet_parallax_layout_z_index&quot;:&quot;&quot;,&quot;jet_parallax_layout_bg_x&quot;:50,&quot;jet_parallax_layout_bg_x_tablet&quot;:&quot;&quot;,&quot;jet_parallax_layout_bg_x_mobile&quot;:&quot;&quot;,&quot;jet_parallax_layout_bg_y&quot;:50,&quot;jet_parallax_layout_bg_y_tablet&quot;:&quot;&quot;,&quot;jet_parallax_layout_bg_y_mobile&quot;:&quot;&quot;,&quot;jet_parallax_layout_bg_size&quot;:&quot;auto&quot;,&quot;jet_parallax_layout_bg_size_tablet&quot;:&quot;&quot;,&quot;jet_parallax_layout_bg_size_mobile&quot;:&quot;&quot;,&quot;jet_parallax_layout_animation_prop&quot;:&quot;transform&quot;,&quot;jet_parallax_layout_on&quot;:[&quot;desktop&quot;,&quot;tablet&quot;]}]}\">\n\t\t\t\t\t\t<div class=\"elementor-container elementor-column-gap-default\">\n\t\t\t\t\t<div class=\"elementor-column elementor-col-50 elementor-top-column elementor-element elementor-element-6c9972b2\" data-id=\"6c9972b2\" data-element_type=\"column\">\n\t\t\t<div class=\"elementor-widget-wrap elementor-element-populated\">\n\t\t\t\t\t\t<div class=\"elementor-element elementor-element-425a9a1c elementor-widget elementor-widget-heading\" data-id=\"425a9a1c\" data-element_type=\"widget\" data-widget_type=\"heading.default\">\n\t\t\t\t<div class=\"elementor-widget-container\">\n\t\t\t<h2 class=\"elementor-heading-title elementor-size-default\">Laboratori <br>d\u00b4elelectr\u00f2nica<\/h2>\t\t<\/div>\n\t\t\t\t<\/div>\n\t\t\t\t<div class=\"elementor-element elementor-element-a8372c5 elementor-widget elementor-widget-raven-divider\" data-id=\"a8372c5\" data-element_type=\"widget\" data-widget_type=\"raven-divider.default\">\n\t\t\t\t<div class=\"elementor-widget-container\">\n\t\t\t\t\t<div class=\"raven-widget-wrapper\">\n\t\t\t<div class=\"raven-divider\">\n\t\t\t\t<span class=\"raven-divider-line raven-divider-solid\"><\/span>\n\t\t\t<\/div>\n\t\t<\/div>\n\t\t\t\t<\/div>\n\t\t\t\t<\/div>\n\t\t\t\t\t<\/div>\n\t\t<\/div>\n\t\t\t\t<div class=\"elementor-column elementor-col-50 elementor-top-column elementor-element elementor-element-646a98df\" data-id=\"646a98df\" data-element_type=\"column\">\n\t\t\t<div class=\"elementor-widget-wrap elementor-element-populated\">\n\t\t\t\t\t\t<div class=\"elementor-element elementor-element-13d19969 elementor-widget elementor-widget-gallery\" data-id=\"13d19969\" data-element_type=\"widget\" data-widget_type=\"gallery.default\">\n\t\t\t\t<div class=\"elementor-widget-container\">\n\t\t\t \t\t<\/div>\n\t\t\t\t<\/div>\n\t\t\t\t<div class=\"elementor-element elementor-element-3f7ff715 elementor-widget elementor-widget-text-editor\" data-id=\"3f7ff715\" data-element_type=\"widget\" data-widget_type=\"text-editor.default\">\n\t\t\t\t<div class=\"elementor-widget-container\">\n\t\t\t\t\t\t\t<p>La Unitat d&#8217;Electr\u00f2nica i Microelectr\u00f2nica de l&#8217;IFIC dona servei a qualsevol projecte de recerca que necessite desenvolupaments en electr\u00f2nica, tant de components discrets, com de muntatge en major intensitat d&#8217;integraci\u00f3. D&#8217;altra banda, tamb\u00e9 ofereix aquestes capacitats de desenvolupament, muntatge i testatge a empreses externes a trav\u00e9s de contractes i convenis.<\/p><p>Els detectors i equips desenvolupats pels investigadors de l&#8217;Institut\u00a0 generen senyals electr\u00f2nics d&#8217;eixida \u00a0que han de ser efica\u00e7ment tractats i registrats. Aquests dispositius requereixen sistemes electr\u00f2nics que llegisquen, processen i emmagatzemen aquestes informacions, els quals es creen en aquest laboratori espec\u00edficament per a cada detector. Els requeriments habituals que presenten aquests sistemes s\u00f3n els t\u00edpics de senyal petit i alta freq\u00fc\u00e8ncia, sovint vinculats a una disponibilitat d&#8217;espai mec\u00e0nic redu\u00efda i condicionats per exig\u00e8ncies de resist\u00e8ncia a radiaci\u00f3.<\/p><p>Els projectes internacionals de l&#8217;IFIC generalment inclouen la responsabilitat del disseny i la producci\u00f3 dels \u00a0\u00a0sistemes electr\u00f2nics, i aquestes capacitats s\u2019estenen a tota la col\u00b7laboraci\u00f3 internacional. El laboratori d&#8217;electr\u00f2nica de l&#8217;IFIC presta suport en disseny electr\u00f2nic, prototipatge, fabricaci\u00f3, test i validaci\u00f3 d&#8217;aquests sistemes electr\u00f2nics a trav\u00e9s de l&#8217;experi\u00e8ncia del seu personal i els seus equipaments.<\/p><p>Algunes de les funcions que aquest laboratori realitza es poden resumir en:<\/p><ul><li><a href=\"http:\/\/ific.uv.es\/elec\/disenyo.shtml\">Disseny de sistemes electr\u00f2nics<\/a> de captura i tractament de senyal.<\/li><li><a href=\"http:\/\/ific.uv.es\/elec\/fabricacion.shtml\">Fabricaci\u00f3 de PCB<\/a>.<\/li><li><a href=\"http:\/\/ific.uv.es\/elec\/programacion.shtml\">Programaci\u00f3 electr\u00f2nica<\/a>.<\/li><li><a href=\"http:\/\/ific.uv.es\/elec\/test.shtml\">Test de sistemes electr\u00f2nics<\/a>.<\/li><li><a href=\"http:\/\/ific.uv.es\/elec\/ensamblado.shtml\">Assemblatge de components en PCB<\/a>, manual i per inserci\u00f3 autom\u00e0tica.<\/li><li><a href=\"http:\/\/ific.uv.es\/elec\/bonding.shtml\"><em>Wire bonding<\/em><\/a>.<\/li><li>Reparacions i log\u00edstica de compres.<\/li><li>Fabricaci\u00f3 de petites s\u00e8ries de targetes electr\u00f2niques per a prototips.<\/li><\/ul><p>Les noves tecnologies en detectors utilitzen tecnologies de microelectr\u00f2nica amb l&#8217;\u00fas, per exemple, de detectores de part\u00edcules de silici. Aquest laboratori de l&#8217;IFIC s&#8217;encarrega del test dels xips i de les estructures de silici, aix\u00ed com de la interconnexi\u00f3 dels seus microcanals.<\/p>\t\t\t\t\t\t<\/div>\n\t\t\t\t<\/div>\n\t\t\t\t\t<\/div>\n\t\t<\/div>\n\t\t\t\t\t<\/div>\n\t\t<\/section>\n\t\t\t\t<section class=\"elementor-section elementor-top-section elementor-element elementor-element-605b44b8 elementor-section-boxed elementor-section-height-default elementor-section-height-default\" data-id=\"605b44b8\" data-element_type=\"section\" data-settings=\"{&quot;jet_parallax_layout_list&quot;:[{&quot;jet_parallax_layout_image&quot;:{&quot;url&quot;:&quot;&quot;,&quot;id&quot;:&quot;&quot;,&quot;size&quot;:&quot;&quot;},&quot;_id&quot;:&quot;006f106&quot;,&quot;jet_parallax_layout_image_tablet&quot;:{&quot;url&quot;:&quot;&quot;,&quot;id&quot;:&quot;&quot;,&quot;size&quot;:&quot;&quot;},&quot;jet_parallax_layout_image_mobile&quot;:{&quot;url&quot;:&quot;&quot;,&quot;id&quot;:&quot;&quot;,&quot;size&quot;:&quot;&quot;},&quot;jet_parallax_layout_speed&quot;:{&quot;unit&quot;:&quot;%&quot;,&quot;size&quot;:50,&quot;sizes&quot;:[]},&quot;jet_parallax_layout_type&quot;:&quot;scroll&quot;,&quot;jet_parallax_layout_direction&quot;:null,&quot;jet_parallax_layout_fx_direction&quot;:null,&quot;jet_parallax_layout_z_index&quot;:&quot;&quot;,&quot;jet_parallax_layout_bg_x&quot;:50,&quot;jet_parallax_layout_bg_x_tablet&quot;:&quot;&quot;,&quot;jet_parallax_layout_bg_x_mobile&quot;:&quot;&quot;,&quot;jet_parallax_layout_bg_y&quot;:50,&quot;jet_parallax_layout_bg_y_tablet&quot;:&quot;&quot;,&quot;jet_parallax_layout_bg_y_mobile&quot;:&quot;&quot;,&quot;jet_parallax_layout_bg_size&quot;:&quot;auto&quot;,&quot;jet_parallax_layout_bg_size_tablet&quot;:&quot;&quot;,&quot;jet_parallax_layout_bg_size_mobile&quot;:&quot;&quot;,&quot;jet_parallax_layout_animation_prop&quot;:&quot;transform&quot;,&quot;jet_parallax_layout_on&quot;:[&quot;desktop&quot;,&quot;tablet&quot;]}]}\">\n\t\t\t\t\t\t<div class=\"elementor-container elementor-column-gap-default\">\n\t\t\t\t\t<div class=\"elementor-column elementor-col-50 elementor-top-column elementor-element elementor-element-45f5af88\" data-id=\"45f5af88\" data-element_type=\"column\">\n\t\t\t<div class=\"elementor-widget-wrap elementor-element-populated\">\n\t\t\t\t\t\t<div class=\"elementor-element elementor-element-2eac4341 elementor-widget elementor-widget-heading\" data-id=\"2eac4341\" data-element_type=\"widget\" data-widget_type=\"heading.default\">\n\t\t\t\t<div class=\"elementor-widget-container\">\n\t\t\t<h2 class=\"elementor-heading-title elementor-size-default\">Equipamient<\/h2>\t\t<\/div>\n\t\t\t\t<\/div>\n\t\t\t\t<div class=\"elementor-element elementor-element-b945dae elementor-widget elementor-widget-raven-divider\" data-id=\"b945dae\" data-element_type=\"widget\" data-widget_type=\"raven-divider.default\">\n\t\t\t\t<div class=\"elementor-widget-container\">\n\t\t\t\t\t<div class=\"raven-widget-wrapper\">\n\t\t\t<div class=\"raven-divider\">\n\t\t\t\t<span class=\"raven-divider-line raven-divider-solid\"><\/span>\n\t\t\t<\/div>\n\t\t<\/div>\n\t\t\t\t<\/div>\n\t\t\t\t<\/div>\n\t\t\t\t\t<\/div>\n\t\t<\/div>\n\t\t\t\t<div class=\"elementor-column elementor-col-50 elementor-top-column elementor-element elementor-element-67ee1cd8\" data-id=\"67ee1cd8\" data-element_type=\"column\">\n\t\t\t<div class=\"elementor-widget-wrap elementor-element-populated\">\n\t\t\t\t\t\t<div class=\"elementor-element elementor-element-13b72530 elementor-widget elementor-widget-text-editor\" data-id=\"13b72530\" data-element_type=\"widget\" data-widget_type=\"text-editor.default\">\n\t\t\t\t<div class=\"elementor-widget-container\">\n\t\t\t\t\t\t\t<ul><li><ul><li>Laboratori d&#8217;electr\u00f2nica general amb una \u00e0rea de 90 m\u00b2.<\/li><li>Sala blanca per a microelectr\u00f2nica amb una superf\u00edcie de 80 m\u00b2, dividida en:<ul><li>Sala de classe 000 (Classe ISO ) de 25 m\u00b2.<\/li><li>Sala de classe 10.000 (Classe ISO 7) de 75 m\u00b2.<\/li><\/ul><\/li><li>Equips d&#8217;inserci\u00f3 de components amb ajuda per raig-guia programable.<\/li><li>Equips de soldadura, manual i per ona.<\/li><li>Instrumentaci\u00f3 de control i testatge, analitzadors\u2026<\/li><\/ul><p>En la p\u00e0gina de la Unitat d&#8217;Electr\u00f2nica de l&#8217;IFIC es pot obtenir m\u00e9s informaci\u00f3 sobre aquesta infraestructura i sol\u00b7licitar-ne la utilitzaci\u00f3. L&#8217;UCIE tamb\u00e9 est\u00e0 a la disposici\u00f3 de les persones que en necessiten informaci\u00f3 a trav\u00e9s del nostre formulari de contacte.<\/p><\/li><\/ul><p><em>En la p\u00e0gina de la <a href=\"https:\/\/ific.uv.es\/elec\/index.shtml\" target=\"_blank\" rel=\"noopener\">Unitat d&#8217;Electr\u00f2nica de l&#8217;IFIC<\/a> es pot obtenir m\u00e9s informaci\u00f3 sobre aquesta infraestructura i sol\u00b7licitar-ne la utilitzaci\u00f3. L&#8217;UCIE tamb\u00e9 est\u00e0 a la disposici\u00f3 de les persones que en necessiten informaci\u00f3 a trav\u00e9s del nostre <a href=\"https:\/\/ucie.ific.uv.es\/ucie\/va\/contacte\/\" target=\"_blank\" rel=\"noopener\">formulari de contacte<\/a>.<\/em><\/p>\t\t\t\t\t\t<\/div>\n\t\t\t\t<\/div>\n\t\t\t\t\t<\/div>\n\t\t<\/div>\n\t\t\t\t\t<\/div>\n\t\t<\/section>\n\t\t\t\t<section class=\"elementor-section elementor-top-section elementor-element elementor-element-23a4050d elementor-section-boxed elementor-section-height-default elementor-section-height-default\" data-id=\"23a4050d\" data-element_type=\"section\" data-settings=\"{&quot;jet_parallax_layout_list&quot;:[{&quot;jet_parallax_layout_image&quot;:{&quot;url&quot;:&quot;&quot;,&quot;id&quot;:&quot;&quot;,&quot;size&quot;:&quot;&quot;},&quot;_id&quot;:&quot;21c5412&quot;,&quot;jet_parallax_layout_image_tablet&quot;:{&quot;url&quot;:&quot;&quot;,&quot;id&quot;:&quot;&quot;,&quot;size&quot;:&quot;&quot;},&quot;jet_parallax_layout_image_mobile&quot;:{&quot;url&quot;:&quot;&quot;,&quot;id&quot;:&quot;&quot;,&quot;size&quot;:&quot;&quot;},&quot;jet_parallax_layout_speed&quot;:{&quot;unit&quot;:&quot;%&quot;,&quot;size&quot;:50,&quot;sizes&quot;:[]},&quot;jet_parallax_layout_type&quot;:&quot;scroll&quot;,&quot;jet_parallax_layout_direction&quot;:null,&quot;jet_parallax_layout_fx_direction&quot;:null,&quot;jet_parallax_layout_z_index&quot;:&quot;&quot;,&quot;jet_parallax_layout_bg_x&quot;:50,&quot;jet_parallax_layout_bg_x_tablet&quot;:&quot;&quot;,&quot;jet_parallax_layout_bg_x_mobile&quot;:&quot;&quot;,&quot;jet_parallax_layout_bg_y&quot;:50,&quot;jet_parallax_layout_bg_y_tablet&quot;:&quot;&quot;,&quot;jet_parallax_layout_bg_y_mobile&quot;:&quot;&quot;,&quot;jet_parallax_layout_bg_size&quot;:&quot;auto&quot;,&quot;jet_parallax_layout_bg_size_tablet&quot;:&quot;&quot;,&quot;jet_parallax_layout_bg_size_mobile&quot;:&quot;&quot;,&quot;jet_parallax_layout_animation_prop&quot;:&quot;transform&quot;,&quot;jet_parallax_layout_on&quot;:[&quot;desktop&quot;,&quot;tablet&quot;]}]}\">\n\t\t\t\t\t\t<div class=\"elementor-container elementor-column-gap-default\">\n\t\t\t\t\t<div class=\"elementor-column elementor-col-100 elementor-top-column elementor-element elementor-element-7c6e4485\" data-id=\"7c6e4485\" data-element_type=\"column\">\n\t\t\t<div class=\"elementor-widget-wrap\">\n\t\t\t\t\t\t\t<\/div>\n\t\t<\/div>\n\t\t\t\t\t<\/div>\n\t\t<\/section>\n\t\t\t\t<\/div>\n\t\t","protected":false},"excerpt":{"rendered":"<p>Infraestructura Laboratori d\u00b4elelectr\u00f2nica Dise\u00f1o electr\u00f3nico, prototipado, fabricaci\u00f3n, test y validaci\u00f3n de sistemas de electr\u00f3nica y microelectr\u00f3nica La Unitat d&#8217;Electr\u00f2nica i Microelectr\u00f2nica de l&#8217;IFIC dona servei a qualsevol projecte de recerca [&hellip;]<\/p>\n","protected":false},"author":1,"featured_media":0,"parent":4535,"menu_order":0,"comment_status":"closed","ping_status":"closed","template":"full-width.php","meta":{"_monsterinsights_skip_tracking":false,"_monsterinsights_sitenote_active":false,"_monsterinsights_sitenote_note":"","_monsterinsights_sitenote_category":0,"footnotes":""},"acf":[],"_links":{"self":[{"href":"https:\/\/ucie.ific.uv.es\/ucie\/wp-json\/wp\/v2\/pages\/6229"}],"collection":[{"href":"https:\/\/ucie.ific.uv.es\/ucie\/wp-json\/wp\/v2\/pages"}],"about":[{"href":"https:\/\/ucie.ific.uv.es\/ucie\/wp-json\/wp\/v2\/types\/page"}],"author":[{"embeddable":true,"href":"https:\/\/ucie.ific.uv.es\/ucie\/wp-json\/wp\/v2\/users\/1"}],"replies":[{"embeddable":true,"href":"https:\/\/ucie.ific.uv.es\/ucie\/wp-json\/wp\/v2\/comments?post=6229"}],"version-history":[{"count":13,"href":"https:\/\/ucie.ific.uv.es\/ucie\/wp-json\/wp\/v2\/pages\/6229\/revisions"}],"predecessor-version":[{"id":6301,"href":"https:\/\/ucie.ific.uv.es\/ucie\/wp-json\/wp\/v2\/pages\/6229\/revisions\/6301"}],"up":[{"embeddable":true,"href":"https:\/\/ucie.ific.uv.es\/ucie\/wp-json\/wp\/v2\/pages\/4535"}],"wp:attachment":[{"href":"https:\/\/ucie.ific.uv.es\/ucie\/wp-json\/wp\/v2\/media?parent=6229"}],"curies":[{"name":"wp","href":"https:\/\/api.w.org\/{rel}","templated":true}]}}