{"id":8254,"date":"2023-05-17T11:18:09","date_gmt":"2023-05-17T11:18:09","guid":{"rendered":"https:\/\/ucie.ific.uv.es\/ucie\/?page_id=8254"},"modified":"2023-05-23T17:14:11","modified_gmt":"2023-05-23T17:14:11","slug":"serveis","status":"publish","type":"page","link":"https:\/\/ucie.ific.uv.es\/ucie\/va\/serveis\/","title":{"rendered":"ServeisVal"},"content":{"rendered":"\t\t<div data-elementor-type=\"wp-page\" data-elementor-id=\"8254\" class=\"elementor elementor-8254\">\n\t\t\t\t\t\t<section class=\"elementor-section elementor-top-section elementor-element elementor-element-4ed7a780 elementor-section-height-min-height elementor-section-items-bottom elementor-section-content-bottom elementor-section-boxed elementor-section-height-default\" data-id=\"4ed7a780\" data-element_type=\"section\" data-settings=\"{&quot;jet_parallax_layout_list&quot;:[{&quot;_id&quot;:&quot;58ca185&quot;,&quot;jet_parallax_layout_image&quot;:{&quot;url&quot;:&quot;&quot;,&quot;id&quot;:&quot;&quot;,&quot;size&quot;:&quot;&quot;},&quot;jet_parallax_layout_image_tablet&quot;:{&quot;url&quot;:&quot;&quot;,&quot;id&quot;:&quot;&quot;,&quot;size&quot;:&quot;&quot;},&quot;jet_parallax_layout_image_mobile&quot;:{&quot;url&quot;:&quot;&quot;,&quot;id&quot;:&quot;&quot;,&quot;size&quot;:&quot;&quot;},&quot;jet_parallax_layout_speed&quot;:{&quot;unit&quot;:&quot;%&quot;,&quot;size&quot;:50,&quot;sizes&quot;:[]},&quot;jet_parallax_layout_type&quot;:&quot;scroll&quot;,&quot;jet_parallax_layout_direction&quot;:null,&quot;jet_parallax_layout_fx_direction&quot;:null,&quot;jet_parallax_layout_z_index&quot;:&quot;&quot;,&quot;jet_parallax_layout_bg_x&quot;:50,&quot;jet_parallax_layout_bg_x_tablet&quot;:&quot;&quot;,&quot;jet_parallax_layout_bg_x_mobile&quot;:&quot;&quot;,&quot;jet_parallax_layout_bg_y&quot;:50,&quot;jet_parallax_layout_bg_y_tablet&quot;:&quot;&quot;,&quot;jet_parallax_layout_bg_y_mobile&quot;:&quot;&quot;,&quot;jet_parallax_layout_bg_size&quot;:&quot;auto&quot;,&quot;jet_parallax_layout_bg_size_tablet&quot;:&quot;&quot;,&quot;jet_parallax_layout_bg_size_mobile&quot;:&quot;&quot;,&quot;jet_parallax_layout_animation_prop&quot;:&quot;transform&quot;,&quot;jet_parallax_layout_on&quot;:[&quot;desktop&quot;,&quot;tablet&quot;]}],&quot;background_background&quot;:&quot;classic&quot;}\">\n\t\t\t\t\t\t\t<div class=\"elementor-background-overlay\"><\/div>\n\t\t\t\t\t\t\t<div class=\"elementor-container elementor-column-gap-default\">\n\t\t\t\t\t<div class=\"elementor-column elementor-col-100 elementor-top-column elementor-element elementor-element-316bca49\" data-id=\"316bca49\" data-element_type=\"column\">\n\t\t\t<div class=\"elementor-widget-wrap elementor-element-populated\">\n\t\t\t\t\t\t<div class=\"elementor-element elementor-element-5da8d47b elementor-widget elementor-widget-heading\" data-id=\"5da8d47b\" data-element_type=\"widget\" data-widget_type=\"heading.default\">\n\t\t\t\t<div class=\"elementor-widget-container\">\n\t\t\t<h1 class=\"elementor-heading-title elementor-size-default\">Serveis<\/h1>\t\t<\/div>\n\t\t\t\t<\/div>\n\t\t\t\t\t<\/div>\n\t\t<\/div>\n\t\t\t\t\t<\/div>\n\t\t<\/section>\n\t\t\t\t<section class=\"elementor-section elementor-top-section elementor-element elementor-element-52c505e2 elementor-hidden-phone elementor-section-boxed elementor-section-height-default elementor-section-height-default\" data-id=\"52c505e2\" data-element_type=\"section\" data-settings=\"{&quot;jet_parallax_layout_list&quot;:[{&quot;_id&quot;:&quot;0c9a71a&quot;,&quot;jet_parallax_layout_image&quot;:{&quot;url&quot;:&quot;&quot;,&quot;id&quot;:&quot;&quot;,&quot;size&quot;:&quot;&quot;},&quot;jet_parallax_layout_image_tablet&quot;:{&quot;url&quot;:&quot;&quot;,&quot;id&quot;:&quot;&quot;,&quot;size&quot;:&quot;&quot;},&quot;jet_parallax_layout_image_mobile&quot;:{&quot;url&quot;:&quot;&quot;,&quot;id&quot;:&quot;&quot;,&quot;size&quot;:&quot;&quot;},&quot;jet_parallax_layout_speed&quot;:{&quot;unit&quot;:&quot;%&quot;,&quot;size&quot;:50,&quot;sizes&quot;:[]},&quot;jet_parallax_layout_type&quot;:&quot;scroll&quot;,&quot;jet_parallax_layout_direction&quot;:null,&quot;jet_parallax_layout_fx_direction&quot;:null,&quot;jet_parallax_layout_z_index&quot;:&quot;&quot;,&quot;jet_parallax_layout_bg_x&quot;:50,&quot;jet_parallax_layout_bg_x_tablet&quot;:&quot;&quot;,&quot;jet_parallax_layout_bg_x_mobile&quot;:&quot;&quot;,&quot;jet_parallax_layout_bg_y&quot;:50,&quot;jet_parallax_layout_bg_y_tablet&quot;:&quot;&quot;,&quot;jet_parallax_layout_bg_y_mobile&quot;:&quot;&quot;,&quot;jet_parallax_layout_bg_size&quot;:&quot;auto&quot;,&quot;jet_parallax_layout_bg_size_tablet&quot;:&quot;&quot;,&quot;jet_parallax_layout_bg_size_mobile&quot;:&quot;&quot;,&quot;jet_parallax_layout_animation_prop&quot;:&quot;transform&quot;,&quot;jet_parallax_layout_on&quot;:[&quot;desktop&quot;,&quot;tablet&quot;]}]}\">\n\t\t\t\t\t\t<div class=\"elementor-container elementor-column-gap-default\">\n\t\t\t\t\t<div class=\"elementor-column elementor-col-50 elementor-top-column elementor-element elementor-element-48848158\" data-id=\"48848158\" data-element_type=\"column\">\n\t\t\t<div class=\"elementor-widget-wrap elementor-element-populated\">\n\t\t\t\t\t\t<div class=\"elementor-element elementor-element-985e91e elementor-widget elementor-widget-spacer\" data-id=\"985e91e\" data-element_type=\"widget\" data-widget_type=\"spacer.default\">\n\t\t\t\t<div class=\"elementor-widget-container\">\n\t\t\t\t\t<div class=\"elementor-spacer\">\n\t\t\t<div class=\"elementor-spacer-inner\"><\/div>\n\t\t<\/div>\n\t\t\t\t<\/div>\n\t\t\t\t<\/div>\n\t\t\t\t<div class=\"elementor-element elementor-element-7ea1167c elementor-tablet-align-left elementor-mobile-align-left elementor-align-left elementor-widget elementor-widget-raven-heading\" data-id=\"7ea1167c\" data-element_type=\"widget\" data-widget_type=\"raven-heading.default\">\n\t\t\t\t<div class=\"elementor-widget-container\">\n\t\t\t\t\t<div class=\"raven-widget-wrapper\"><h2 class=\"raven-heading raven-heading-h2\"><span class=\"raven-heading-title \">Serveis<\/span><\/h2><\/div>\n\t\t\t\t<\/div>\n\t\t\t\t<\/div>\n\t\t\t\t<div class=\"elementor-element elementor-element-7f8dabf4 elementor-widget elementor-widget-raven-divider\" data-id=\"7f8dabf4\" data-element_type=\"widget\" data-widget_type=\"raven-divider.default\">\n\t\t\t\t<div class=\"elementor-widget-container\">\n\t\t\t\t\t<div class=\"raven-widget-wrapper\">\n\t\t\t<div class=\"raven-divider\">\n\t\t\t\t<span class=\"raven-divider-line raven-divider-solid\"><\/span>\n\t\t\t<\/div>\n\t\t<\/div>\n\t\t\t\t<\/div>\n\t\t\t\t<\/div>\n\t\t\t\t<div class=\"elementor-element elementor-element-5b212c09 elementor-widget elementor-widget-spacer\" data-id=\"5b212c09\" data-element_type=\"widget\" data-widget_type=\"spacer.default\">\n\t\t\t\t<div class=\"elementor-widget-container\">\n\t\t\t\t\t<div class=\"elementor-spacer\">\n\t\t\t<div class=\"elementor-spacer-inner\"><\/div>\n\t\t<\/div>\n\t\t\t\t<\/div>\n\t\t\t\t<\/div>\n\t\t\t\t<div class=\"elementor-element elementor-element-3ae890dc elementor-widget elementor-widget-text-editor\" data-id=\"3ae890dc\" data-element_type=\"widget\" data-widget_type=\"text-editor.default\">\n\t\t\t\t<div class=\"elementor-widget-container\">\n\t\t\t\t\t\t\t<p>La <b>Unitat Cient\u00edfica d&#8217;Innovaci\u00f3 Empresarial<\/b> \u00e9s l&#8217;estructura interna de l&#8217;IFIC per a la <b>promoci\u00f3 de la transfer\u00e8ncia de coneixement i tecnologia<\/b>, en col\u00b7laboraci\u00f3 amb empreses, instituts tecnol\u00f2gics i altres organitzacions.<\/p><p>Les activitats que la unitat duu a terme amb altres parts interessades:<\/p><ul><li aria-level=\"1\">Documentaci\u00f3 i actualitzaci\u00f3 de l&#8217;oferta cient\u00edfic t\u00e8cnica.<\/li><li aria-level=\"1\">Difusi\u00f3 de capacitats, infraestructures i actius transferibles.<\/li><li aria-level=\"1\">Manteniment de xarxes relacionals amb altres actors de l&#8217;ecosistema innovador.<\/li><li aria-level=\"1\">Participaci\u00f3 en grups de treball.<\/li><li aria-level=\"1\">Representaci\u00f3 de l&#8217;IFIC en esdeveniments i congressos en l&#8217;\u00e0mbit de la innovaci\u00f3 i la transfer\u00e8ncia de tecnologia.<\/li><li aria-level=\"1\">Gesti\u00f3 d&#8217;expressions d&#8217;inter\u00e9s de les empreses i altres organitzacions en les capacitats, infraestructures i actius.<\/li><li aria-level=\"1\">Gesti\u00f3 d&#8217;acords de col\u00b7laboraci\u00f3.<\/li><\/ul><div>\u00a0<\/div><div>\u00a0<\/div><p><b>La unitat ofereix<\/b> als grups d&#8217;investigaci\u00f3 de l&#8217;IFIC, per al foment i consolidaci\u00f3 de transfer\u00e8ncia, una varietat de serveis en funci\u00f3 del nivell de maduresa de la tecnologia:<\/p><ul><li aria-level=\"1\">Vigil\u00e0ncia tecnol\u00f2gica.<\/li><li aria-level=\"1\">Identificaci\u00f3 de reptes en relaci\u00f3 a les capacitats.<\/li><li aria-level=\"1\">Estudis de patentabilitat.<\/li><li aria-level=\"1\">Assessorament en estrat\u00e8gia de protecci\u00f3. Suport en la redacci\u00f3 i gesti\u00f3 de patents i altres formes de protecci\u00f3.<\/li><li aria-level=\"1\">Coordinaci\u00f3 amb l&#8217;OTRI de la UV i la VATC del CSIC.<\/li><li aria-level=\"1\">Identificaci\u00f3 de convocat\u00f2ries p\u00fabliques i privades per al finan\u00e7ament de projectes. Suport per a la preparaci\u00f3 de sol\u00b7licituds.<\/li><li aria-level=\"1\">Elaboraci\u00f3 de material de presentaci\u00f3 de la tecnologia.<\/li><li aria-level=\"1\">Cerca de socis\/entorn cooperaci\u00f3, verificaci\u00f3 i validaci\u00f3 de dissenys.<\/li><li aria-level=\"1\">Identificaci\u00f3 de normes i requisits de certificaci\u00f3.<\/li><li aria-level=\"1\">Consultoria t\u00e8cnica normes i requisits de certificacions.<\/li><li aria-level=\"1\">Cerca de socis\/entorn industrialitzaci\u00f3.<\/li><\/ul>\t\t\t\t\t\t<\/div>\n\t\t\t\t<\/div>\n\t\t\t\t\t<\/div>\n\t\t<\/div>\n\t\t\t\t<div class=\"elementor-column elementor-col-50 elementor-top-column elementor-element elementor-element-e590140\" data-id=\"e590140\" data-element_type=\"column\">\n\t\t\t<div class=\"elementor-widget-wrap elementor-element-populated\">\n\t\t\t\t\t\t<div class=\"elementor-element elementor-element-135a421 elementor-absolute elementor-widget elementor-widget-text-editor\" data-id=\"135a421\" data-element_type=\"widget\" data-settings=\"{&quot;_position&quot;:&quot;absolute&quot;}\" data-widget_type=\"text-editor.default\">\n\t\t\t\t<div class=\"elementor-widget-container\">\n\t\t\t\t\t\t\t<p><strong>Serveis de transfer\u00e8ncia de la Universitat de Val\u00e8ncia<\/strong><\/p>\t\t\t\t\t\t<\/div>\n\t\t\t\t<\/div>\n\t\t\t\t<div class=\"elementor-element elementor-element-679deae elementor-absolute elementor-widget elementor-widget-button\" data-id=\"679deae\" data-element_type=\"widget\" data-settings=\"{&quot;_position&quot;:&quot;absolute&quot;}\" data-widget_type=\"button.default\">\n\t\t\t\t<div class=\"elementor-widget-container\">\n\t\t\t\t\t<div class=\"elementor-button-wrapper\">\n\t\t\t<a class=\"elementor-button elementor-button-link elementor-size-sm\" href=\"https:\/\/www.uv.es\/uvweb\/servicio-investigacion\/es\/uv\/servicios-gestion\/servicio-transferencia-innovacion\/presentacion-del-servicio-1286207776293.html\" target=\"_blank\">\n\t\t\t\t\t\t<span class=\"elementor-button-content-wrapper\">\n\t\t\t\t\t\t<span class=\"elementor-button-text\">+ Info<\/span>\n\t\t<\/span>\n\t\t\t\t\t<\/a>\n\t\t<\/div>\n\t\t\t\t<\/div>\n\t\t\t\t<\/div>\n\t\t\t\t<div class=\"elementor-element elementor-element-bbfd7ce elementor-absolute elementor-widget elementor-widget-text-editor\" data-id=\"bbfd7ce\" data-element_type=\"widget\" data-settings=\"{&quot;_position&quot;:&quot;absolute&quot;}\" data-widget_type=\"text-editor.default\">\n\t\t\t\t<div class=\"elementor-widget-container\">\n\t\t\t\t\t\t\t<p><strong>Serveis de transfer\u00e8ncia del CSIC<\/strong><em><strong><br \/><\/strong><\/em><\/p>\t\t\t\t\t\t<\/div>\n\t\t\t\t<\/div>\n\t\t\t\t<div class=\"elementor-element elementor-element-0767b99 elementor-absolute elementor-widget elementor-widget-button\" data-id=\"0767b99\" data-element_type=\"widget\" data-settings=\"{&quot;_position&quot;:&quot;absolute&quot;}\" data-widget_type=\"button.default\">\n\t\t\t\t<div class=\"elementor-widget-container\">\n\t\t\t\t\t<div class=\"elementor-button-wrapper\">\n\t\t\t<a class=\"elementor-button elementor-button-link elementor-size-sm\" href=\"https:\/\/www.csic.es\/es\/innovacion-y-transferencia\" target=\"_blank\">\n\t\t\t\t\t\t<span class=\"elementor-button-content-wrapper\">\n\t\t\t\t\t\t<span class=\"elementor-button-text\">+ Info<\/span>\n\t\t<\/span>\n\t\t\t\t\t<\/a>\n\t\t<\/div>\n\t\t\t\t<\/div>\n\t\t\t\t<\/div>\n\t\t\t\t\t<\/div>\n\t\t<\/div>\n\t\t\t\t\t<\/div>\n\t\t<\/section>\n\t\t\t\t<section class=\"elementor-section elementor-top-section elementor-element elementor-element-79369a5 elementor-section-boxed elementor-section-height-default elementor-section-height-default\" data-id=\"79369a5\" data-element_type=\"section\" data-settings=\"{&quot;jet_parallax_layout_list&quot;:[{&quot;jet_parallax_layout_image&quot;:{&quot;url&quot;:&quot;&quot;,&quot;id&quot;:&quot;&quot;,&quot;size&quot;:&quot;&quot;},&quot;_id&quot;:&quot;55ef8b4&quot;,&quot;jet_parallax_layout_image_tablet&quot;:{&quot;url&quot;:&quot;&quot;,&quot;id&quot;:&quot;&quot;,&quot;size&quot;:&quot;&quot;},&quot;jet_parallax_layout_image_mobile&quot;:{&quot;url&quot;:&quot;&quot;,&quot;id&quot;:&quot;&quot;,&quot;size&quot;:&quot;&quot;},&quot;jet_parallax_layout_speed&quot;:{&quot;unit&quot;:&quot;%&quot;,&quot;size&quot;:50,&quot;sizes&quot;:[]},&quot;jet_parallax_layout_type&quot;:&quot;scroll&quot;,&quot;jet_parallax_layout_direction&quot;:null,&quot;jet_parallax_layout_fx_direction&quot;:null,&quot;jet_parallax_layout_z_index&quot;:&quot;&quot;,&quot;jet_parallax_layout_bg_x&quot;:50,&quot;jet_parallax_layout_bg_x_tablet&quot;:&quot;&quot;,&quot;jet_parallax_layout_bg_x_mobile&quot;:&quot;&quot;,&quot;jet_parallax_layout_bg_y&quot;:50,&quot;jet_parallax_layout_bg_y_tablet&quot;:&quot;&quot;,&quot;jet_parallax_layout_bg_y_mobile&quot;:&quot;&quot;,&quot;jet_parallax_layout_bg_size&quot;:&quot;auto&quot;,&quot;jet_parallax_layout_bg_size_tablet&quot;:&quot;&quot;,&quot;jet_parallax_layout_bg_size_mobile&quot;:&quot;&quot;,&quot;jet_parallax_layout_animation_prop&quot;:&quot;transform&quot;,&quot;jet_parallax_layout_on&quot;:[&quot;desktop&quot;,&quot;tablet&quot;]}]}\">\n\t\t\t\t\t\t<div class=\"elementor-container elementor-column-gap-default\">\n\t\t\t\t\t<div class=\"elementor-column elementor-col-100 elementor-top-column elementor-element elementor-element-207eb61\" data-id=\"207eb61\" data-element_type=\"column\">\n\t\t\t<div class=\"elementor-widget-wrap elementor-element-populated\">\n\t\t\t\t\t\t<div class=\"elementor-element elementor-element-cf3fc14 elementor-widget elementor-widget-spacer\" data-id=\"cf3fc14\" data-element_type=\"widget\" data-widget_type=\"spacer.default\">\n\t\t\t\t<div class=\"elementor-widget-container\">\n\t\t\t\t\t<div class=\"elementor-spacer\">\n\t\t\t<div class=\"elementor-spacer-inner\"><\/div>\n\t\t<\/div>\n\t\t\t\t<\/div>\n\t\t\t\t<\/div>\n\t\t\t\t\t<\/div>\n\t\t<\/div>\n\t\t\t\t\t<\/div>\n\t\t<\/section>\n\t\t\t\t<\/div>\n\t\t","protected":false},"excerpt":{"rendered":"<p>Serveis Serveis La Unitat Cient\u00edfica d&#8217;Innovaci\u00f3 Empresarial \u00e9s l&#8217;estructura interna de l&#8217;IFIC per a la promoci\u00f3 de la transfer\u00e8ncia de coneixement i tecnologia, en col\u00b7laboraci\u00f3 amb empreses, instituts tecnol\u00f2gics i [&hellip;]<\/p>\n","protected":false},"author":6,"featured_media":0,"parent":0,"menu_order":0,"comment_status":"closed","ping_status":"closed","template":"full-width.php","meta":{"_monsterinsights_skip_tracking":false,"_monsterinsights_sitenote_active":false,"_monsterinsights_sitenote_note":"","_monsterinsights_sitenote_category":0,"footnotes":""},"acf":[],"_links":{"self":[{"href":"https:\/\/ucie.ific.uv.es\/ucie\/wp-json\/wp\/v2\/pages\/8254"}],"collection":[{"href":"https:\/\/ucie.ific.uv.es\/ucie\/wp-json\/wp\/v2\/pages"}],"about":[{"href":"https:\/\/ucie.ific.uv.es\/ucie\/wp-json\/wp\/v2\/types\/page"}],"author":[{"embeddable":true,"href":"https:\/\/ucie.ific.uv.es\/ucie\/wp-json\/wp\/v2\/users\/6"}],"replies":[{"embeddable":true,"href":"https:\/\/ucie.ific.uv.es\/ucie\/wp-json\/wp\/v2\/comments?post=8254"}],"version-history":[{"count":5,"href":"https:\/\/ucie.ific.uv.es\/ucie\/wp-json\/wp\/v2\/pages\/8254\/revisions"}],"predecessor-version":[{"id":8281,"href":"https:\/\/ucie.ific.uv.es\/ucie\/wp-json\/wp\/v2\/pages\/8254\/revisions\/8281"}],"wp:attachment":[{"href":"https:\/\/ucie.ific.uv.es\/ucie\/wp-json\/wp\/v2\/media?parent=8254"}],"curies":[{"name":"wp","href":"https:\/\/api.w.org\/{rel}","templated":true}]}}